{"id":5021,"date":"2023-01-08T00:05:29","date_gmt":"2023-01-08T08:05:29","guid":{"rendered":"https:\/\/csltechnology.net\/ld\/?page_id=5021"},"modified":"2023-01-08T00:17:51","modified_gmt":"2023-01-08T08:17:51","slug":"may-ca-the-may-pos","status":"publish","type":"page","link":"https:\/\/csltechnology.net\/ld\/products\/may-ca-the-may-pos\/","title":{"rendered":"M\u00e1y C\u00e0 Th\u1ebb &amp; M\u00e1y POS"},"content":{"rendered":"\t\t<div data-elementor-type=\"wp-page\" data-elementor-id=\"5021\" class=\"elementor elementor-5021\">\n\t\t\t\t\t\t<section class=\"elementor-section elementor-top-section elementor-element elementor-element-0530cda elementor-section-boxed elementor-section-height-default elementor-section-height-default\" data-id=\"0530cda\" data-element_type=\"section\">\n\t\t\t\t\t\t<div class=\"elementor-container elementor-column-gap-default\">\n\t\t\t\t\t<div class=\"elementor-column elementor-col-100 elementor-top-column elementor-element elementor-element-944b3b2\" data-id=\"944b3b2\" data-element_type=\"column\">\n\t\t\t<div class=\"elementor-widget-wrap elementor-element-populated\">\n\t\t\t\t\t\t\t<\/div>\n\t\t<\/div>\n\t\t\t\t\t<\/div>\n\t\t<\/section>\n\t\t\t\t<section class=\"elementor-section elementor-top-section elementor-element elementor-element-5774ab7 elementor-section-boxed elementor-section-height-default elementor-section-height-default\" data-id=\"5774ab7\" data-element_type=\"section\">\n\t\t\t\t\t\t<div class=\"elementor-container elementor-column-gap-default\">\n\t\t\t\t\t<div class=\"elementor-column elementor-col-100 elementor-top-column elementor-element elementor-element-fcac1f3\" data-id=\"fcac1f3\" data-element_type=\"column\">\n\t\t\t<div class=\"elementor-widget-wrap elementor-element-populated\">\n\t\t\t\t\t\t<div class=\"elementor-element elementor-element-fe0e2a3 elementor-widget elementor-widget-image\" data-id=\"fe0e2a3\" data-element_type=\"widget\" data-widget_type=\"image.default\">\n\t\t\t\t<div class=\"elementor-widget-container\">\n\t\t\t\t\t\t\t\t\t\t\t\t\t\t\t<img fetchpriority=\"high\" decoding=\"async\" width=\"1024\" height=\"757\" src=\"https:\/\/i0.wp.com\/csltechnology.net\/ld\/wp-content\/uploads\/2023\/01\/Untitled-design-2.png?fit=1024%2C757&amp;ssl=1\" class=\"attachment-large size-large wp-image-5020\" alt=\"\" srcset=\"https:\/\/i0.wp.com\/csltechnology.net\/ld\/wp-content\/uploads\/2023\/01\/Untitled-design-2.png?w=1206&amp;ssl=1 1206w, https:\/\/i0.wp.com\/csltechnology.net\/ld\/wp-content\/uploads\/2023\/01\/Untitled-design-2.png?resize=300%2C222&amp;ssl=1 300w, https:\/\/i0.wp.com\/csltechnology.net\/ld\/wp-content\/uploads\/2023\/01\/Untitled-design-2.png?resize=1024%2C757&amp;ssl=1 1024w, https:\/\/i0.wp.com\/csltechnology.net\/ld\/wp-content\/uploads\/2023\/01\/Untitled-design-2.png?resize=768%2C567&amp;ssl=1 768w\" sizes=\"(max-width: 1024px) 100vw, 1024px\" \/>\t\t\t\t\t\t\t\t\t\t\t\t\t\t\t<\/div>\n\t\t\t\t<\/div>\n\t\t\t\t\t<\/div>\n\t\t<\/div>\n\t\t\t\t\t<\/div>\n\t\t<\/section>\n\t\t\t\t<section class=\"elementor-section elementor-top-section elementor-element elementor-element-5d11294 elementor-section-boxed elementor-section-height-default elementor-section-height-default\" data-id=\"5d11294\" data-element_type=\"section\">\n\t\t\t\t\t\t<div class=\"elementor-container elementor-column-gap-default\">\n\t\t\t\t\t<div class=\"elementor-column elementor-col-100 elementor-top-column elementor-element elementor-element-80f6224\" data-id=\"80f6224\" data-element_type=\"column\">\n\t\t\t<div class=\"elementor-widget-wrap elementor-element-populated\">\n\t\t\t\t\t\t<div class=\"elementor-element elementor-element-76b2081 elementor-widget elementor-widget-text-editor\" data-id=\"76b2081\" data-element_type=\"widget\" data-widget_type=\"text-editor.default\">\n\t\t\t\t<div class=\"elementor-widget-container\">\n\t\t\t\t\t\t\t\t\t<p>\u00a0<\/p><p>\u00a0<\/p><p style=\"text-align: center\"><strong>Cam k\u1ebft ti\u1ec1n l\u1ec7 ph\u00ed c\u00e0 th\u1ebb th\u1ea5p nh\u1ea5t cho c\u00e1c ti\u1ec7m nails c\u1ee7a ng\u01b0\u1eddi Vi\u1ec7t t\u1ea1i M\u1ef9<\/strong><\/p><p style=\"text-align: center\"><strong>N\u1ebfu kh\u00f4ng l\u00e0m r\u1ebb h\u01a1n rate hi\u1ec7n t\u1ea1i, ch\u00fang t\u00f4i t\u1eb7ng ngay $1000.00 cho qu\u00fd v\u1ecb<\/strong><\/p><p style=\"text-align: center\"><strong>&#8211; Mi\u1ec5n Ph\u00ed m\u00e1y c\u00e0 th\u1ebb <\/strong><\/p><p style=\"text-align: center\"><strong>&#8211; Mi\u1ec5n Ph\u00ed gi\u1ea5y in (thermal paper rolls)<\/strong><\/p><p style=\"text-align: center\"><strong>&#8211; Kh\u00f4ng h\u1ee3p \u0111\u1ed3ng<\/strong><\/p><p style=\"text-align: center\"><strong> &#8211; Kh\u00f4ng application and setup fee<\/strong><\/p><p style=\"text-align: center\"><strong>&#8211; Next Day Funding<\/strong><\/p><p style=\"text-align: center\"><strong>&#8211; C\u00f3 th\u1ec3 connect v\u1edbi POS system c\u1ee7a qu\u00fd v\u1ecb<\/strong><\/p><p style=\"text-align: center\"><strong>&#8211; Tinh ti\u1ec1n kh\u00e1ch kh\u00f4ng c\u1ea7n t\u1edbi b\u00e0n (WiFi, Cellular) &#8211; L\u1ea5y order v\u00e0 t\u00ednh ti\u1ec1n t\u1ea1i b\u00e0n (nh\u00e0 h\u00e0ng) <\/strong><\/p><p style=\"text-align: center\"><strong>&#8211; Self Order &amp; Pay | Kh\u00e1ch t\u1ef1 order &amp; tr\u1ea3 ti\u1ec1n (Milk tea, sandwich shop hay ti\u1ec7m \u0111ang thi\u1ebfu nh\u00e2n vi\u00ean) &#8211;<\/strong><\/p><p style=\"text-align: center\"><strong> T\u1eb7ng v\u00e0 ch\u0103m s\u00f3c professional WEBSITE, SEO <\/strong><\/p><p style=\"text-align: center\"><strong>&#8211; C\u00f3 nh\u00e2n vi\u00ean n\u00f3i ti\u1ebfng Vi\u1ec7t 24\/7 <\/strong><\/p><p style=\"text-align: center\"><strong>&#8211; N\u1ebfu ti\u1ec7m nail hay nh\u00e0 h\u00e0ng c\u00f3 b\u1ea5t k\u1ef3 v\u1ea5n \u0111\u1ec1 g\u00ed v\u1ec1 m\u00e1y c\u00e0 th\u1ebb hay POS, ch\u00fang t\u00f4i c\u00f3 \u0111\u1ed9i ng\u0169 I.T s\u1eb5n s\u00e0ng ph\u1ee5c v\u1ee5 qu\u00fd v\u1ecb <\/strong><\/p><p style=\"text-align: center\"><strong>N\u1ebfu qu\u00fd v\u1ecb s\u1eafp m\u1edf ti\u1ec7m nails ho\u1eb7c \u0111ang ph\u1ea3i tr\u1ea3 ph\u00ed qu\u00e1 cao m\u00e0 d\u1ecbch v\u1ee5 l\u1ea1i kh\u00f4ng t\u1ed1t, xin li\u00ean l\u1ea1c ngay v\u1edbi ch\u00fang t\u00f4i qua s\u1ed1 phone: 510.666.4646<\/strong><\/p>\t\t\t\t\t\t\t\t<\/div>\n\t\t\t\t<\/div>\n\t\t\t\t\t<\/div>\n\t\t<\/div>\n\t\t\t\t\t<\/div>\n\t\t<\/section>\n\t\t\t\t<section class=\"elementor-section elementor-top-section elementor-element elementor-element-eab1198 elementor-section-boxed elementor-section-height-default elementor-section-height-default\" data-id=\"eab1198\" data-element_type=\"section\">\n\t\t\t\t\t\t<div class=\"elementor-container elementor-column-gap-default\">\n\t\t\t\t\t<div class=\"elementor-column elementor-col-100 elementor-top-column elementor-element elementor-element-0652805\" data-id=\"0652805\" data-element_type=\"column\">\n\t\t\t<div class=\"elementor-widget-wrap elementor-element-populated\">\n\t\t\t\t\t\t<div class=\"elementor-element elementor-element-79055ee elementor-align-center elementor-widget elementor-widget-button\" data-id=\"79055ee\" data-element_type=\"widget\" data-widget_type=\"button.default\">\n\t\t\t\t<div class=\"elementor-widget-container\">\n\t\t\t\t\t\t\t\t\t<div class=\"elementor-button-wrapper\">\n\t\t\t\t\t<a class=\"elementor-button elementor-button-link elementor-size-sm\" href=\"https:\/\/csltechnology.net\/ld\/contact-us\/\">\n\t\t\t\t\t\t<span class=\"elementor-button-content-wrapper\">\n\t\t\t\t\t\t\t\t\t<span class=\"elementor-button-text\">Contact Us <\/span>\n\t\t\t\t\t<\/span>\n\t\t\t\t\t<\/a>\n\t\t\t\t<\/div>\n\t\t\t\t\t\t\t\t<\/div>\n\t\t\t\t<\/div>\n\t\t\t\t\t<\/div>\n\t\t<\/div>\n\t\t\t\t\t<\/div>\n\t\t<\/section>\n\t\t\t\t<section class=\"elementor-section elementor-top-section elementor-element elementor-element-a2ca322 elementor-section-boxed elementor-section-height-default elementor-section-height-default\" data-id=\"a2ca322\" data-element_type=\"section\">\n\t\t\t\t\t\t<div class=\"elementor-container elementor-column-gap-default\">\n\t\t\t\t\t<div class=\"elementor-column elementor-col-100 elementor-top-column elementor-element elementor-element-745231c\" data-id=\"745231c\" data-element_type=\"column\">\n\t\t\t<div class=\"elementor-widget-wrap elementor-element-populated\">\n\t\t\t\t\t\t<div class=\"elementor-element elementor-element-aa96e6c elementor-widget elementor-widget-google_maps\" data-id=\"aa96e6c\" data-element_type=\"widget\" data-widget_type=\"google_maps.default\">\n\t\t\t\t<div class=\"elementor-widget-container\">\n\t\t\t\t\t\t\t<div class=\"elementor-custom-embed\">\n\t\t\t<iframe loading=\"lazy\"\n\t\t\t\t\tsrc=\"https:\/\/maps.google.com\/maps?q=1103%20International%20Blvd%2C%20Oakland%2C%20CA%2094606&#038;t=m&#038;z=10&#038;output=embed&#038;iwloc=near\"\n\t\t\t\t\ttitle=\"1103 International Blvd, Oakland, CA 94606\"\n\t\t\t\t\taria-label=\"1103 International Blvd, Oakland, CA 94606\"\n\t\t\t><\/iframe>\n\t\t<\/div>\n\t\t\t\t\t\t<\/div>\n\t\t\t\t<\/div>\n\t\t\t\t\t<\/div>\n\t\t<\/div>\n\t\t\t\t\t<\/div>\n\t\t<\/section>\n\t\t\t\t<\/div>\n\t\t","protected":false},"excerpt":{"rendered":"<p>\u00a0 \u00a0 Cam k\u1ebft ti\u1ec1n l\u1ec7 ph\u00ed c\u00e0 th\u1ebb th\u1ea5p nh\u1ea5t cho c\u00e1c ti\u1ec7m nails c\u1ee7a ng\u01b0\u1eddi Vi\u1ec7t t\u1ea1i M\u1ef9 N\u1ebfu kh\u00f4ng l\u00e0m r\u1ebb h\u01a1n rate hi\u1ec7n t\u1ea1i, ch\u00fang t\u00f4i t\u1eb7ng ngay $1000.00 cho qu\u00fd v\u1ecb &#8211; Mi\u1ec5n Ph\u00ed m\u00e1y c\u00e0 th\u1ebb &#8211; Mi\u1ec5n Ph\u00ed gi\u1ea5y in (thermal paper rolls) &#8211; Kh\u00f4ng h\u1ee3p \u0111\u1ed3ng &#8211; [&hellip;]<\/p>\n","protected":false},"author":2,"featured_media":0,"parent":4593,"menu_order":0,"comment_status":"closed","ping_status":"closed","template":"page-templates\/template-default.php","meta":{"om_disable_all_campaigns":false,"footnotes":""},"class_list":["post-5021","page","type-page","status-publish","hentry"],"yoast_head":"<!-- This site is optimized with the Yoast SEO plugin v27.2 - https:\/\/yoast.com\/product\/yoast-seo-wordpress\/ -->\n<title>M\u00e1y C\u00e0 Th\u1ebb &amp; M\u00e1y POS - CSL Technology<\/title>\n<meta name=\"robots\" content=\"index, follow, max-snippet:-1, max-image-preview:large, max-video-preview:-1\" \/>\n<link rel=\"canonical\" href=\"https:\/\/csltechnology.net\/ld\/products\/may-ca-the-may-pos\/\" \/>\n<meta property=\"og:locale\" content=\"en_US\" \/>\n<meta property=\"og:type\" content=\"article\" \/>\n<meta property=\"og:title\" content=\"M\u00e1y C\u00e0 Th\u1ebb &amp; M\u00e1y POS - CSL Technology\" \/>\n<meta property=\"og:description\" content=\"\u00a0 \u00a0 Cam k\u1ebft ti\u1ec1n l\u1ec7 ph\u00ed c\u00e0 th\u1ebb th\u1ea5p nh\u1ea5t cho c\u00e1c ti\u1ec7m nails c\u1ee7a ng\u01b0\u1eddi Vi\u1ec7t t\u1ea1i M\u1ef9 N\u1ebfu kh\u00f4ng l\u00e0m r\u1ebb h\u01a1n rate hi\u1ec7n t\u1ea1i, ch\u00fang t\u00f4i t\u1eb7ng ngay $1000.00 cho qu\u00fd v\u1ecb &#8211; Mi\u1ec5n Ph\u00ed m\u00e1y c\u00e0 th\u1ebb &#8211; Mi\u1ec5n Ph\u00ed gi\u1ea5y in (thermal paper rolls) &#8211; Kh\u00f4ng h\u1ee3p \u0111\u1ed3ng &#8211; [&hellip;]\" \/>\n<meta property=\"og:url\" content=\"https:\/\/csltechnology.net\/ld\/products\/may-ca-the-may-pos\/\" \/>\n<meta property=\"og:site_name\" content=\"CSL Technology\" \/>\n<meta property=\"article:modified_time\" content=\"2023-01-08T08:17:51+00:00\" \/>\n<meta property=\"og:image\" content=\"https:\/\/csltechnology.net\/ld\/wp-content\/uploads\/2023\/01\/Untitled-design-2-1024x757.png\" \/>\n<meta name=\"twitter:card\" content=\"summary_large_image\" \/>\n<meta name=\"twitter:label1\" content=\"Est. reading time\" \/>\n\t<meta name=\"twitter:data1\" content=\"1 minute\" \/>\n<script type=\"application\/ld+json\" class=\"yoast-schema-graph\">{\"@context\":\"https:\/\/schema.org\",\"@graph\":[{\"@type\":\"WebPage\",\"@id\":\"https:\/\/csltechnology.net\/ld\/products\/may-ca-the-may-pos\/\",\"url\":\"https:\/\/csltechnology.net\/ld\/products\/may-ca-the-may-pos\/\",\"name\":\"M\u00e1y C\u00e0 Th\u1ebb &amp; M\u00e1y POS - CSL Technology\",\"isPartOf\":{\"@id\":\"https:\/\/csltechnology.net\/ld\/#website\"},\"primaryImageOfPage\":{\"@id\":\"https:\/\/csltechnology.net\/ld\/products\/may-ca-the-may-pos\/#primaryimage\"},\"image\":{\"@id\":\"https:\/\/csltechnology.net\/ld\/products\/may-ca-the-may-pos\/#primaryimage\"},\"thumbnailUrl\":\"https:\/\/csltechnology.net\/ld\/wp-content\/uploads\/2023\/01\/Untitled-design-2-1024x757.png\",\"datePublished\":\"2023-01-08T08:05:29+00:00\",\"dateModified\":\"2023-01-08T08:17:51+00:00\",\"breadcrumb\":{\"@id\":\"https:\/\/csltechnology.net\/ld\/products\/may-ca-the-may-pos\/#breadcrumb\"},\"inLanguage\":\"en-US\",\"potentialAction\":[{\"@type\":\"ReadAction\",\"target\":[\"https:\/\/csltechnology.net\/ld\/products\/may-ca-the-may-pos\/\"]}]},{\"@type\":\"ImageObject\",\"inLanguage\":\"en-US\",\"@id\":\"https:\/\/csltechnology.net\/ld\/products\/may-ca-the-may-pos\/#primaryimage\",\"url\":\"https:\/\/i0.wp.com\/csltechnology.net\/ld\/wp-content\/uploads\/2023\/01\/Untitled-design-2.png?fit=1206%2C891&ssl=1\",\"contentUrl\":\"https:\/\/i0.wp.com\/csltechnology.net\/ld\/wp-content\/uploads\/2023\/01\/Untitled-design-2.png?fit=1206%2C891&ssl=1\",\"width\":1206,\"height\":891},{\"@type\":\"BreadcrumbList\",\"@id\":\"https:\/\/csltechnology.net\/ld\/products\/may-ca-the-may-pos\/#breadcrumb\",\"itemListElement\":[{\"@type\":\"ListItem\",\"position\":1,\"name\":\"Home\",\"item\":\"https:\/\/csltechnology.net\/ld\/\"},{\"@type\":\"ListItem\",\"position\":2,\"name\":\"Products\",\"item\":\"https:\/\/csltechnology.net\/ld\/products\/\"},{\"@type\":\"ListItem\",\"position\":3,\"name\":\"M\u00e1y C\u00e0 Th\u1ebb &amp; M\u00e1y POS\"}]},{\"@type\":\"WebSite\",\"@id\":\"https:\/\/csltechnology.net\/ld\/#website\",\"url\":\"https:\/\/csltechnology.net\/ld\/\",\"name\":\"CSL Technology\",\"description\":\"CSL Technology | POS System Restaurant Salon Solution | Credit Card |Merchant | E-commerce\",\"publisher\":{\"@id\":\"https:\/\/csltechnology.net\/ld\/#organization\"},\"potentialAction\":[{\"@type\":\"SearchAction\",\"target\":{\"@type\":\"EntryPoint\",\"urlTemplate\":\"https:\/\/csltechnology.net\/ld\/?s={search_term_string}\"},\"query-input\":{\"@type\":\"PropertyValueSpecification\",\"valueRequired\":true,\"valueName\":\"search_term_string\"}}],\"inLanguage\":\"en-US\"},{\"@type\":\"Organization\",\"@id\":\"https:\/\/csltechnology.net\/ld\/#organization\",\"name\":\"CSL Technology\",\"url\":\"https:\/\/csltechnology.net\/ld\/\",\"logo\":{\"@type\":\"ImageObject\",\"inLanguage\":\"en-US\",\"@id\":\"https:\/\/csltechnology.net\/ld\/#\/schema\/logo\/image\/\",\"url\":\"https:\/\/i0.wp.com\/csltechnology.net\/ld\/wp-content\/uploads\/2022\/09\/cropped-CSLT_Logo_Google_listing.jpg?fit=512%2C512&ssl=1\",\"contentUrl\":\"https:\/\/i0.wp.com\/csltechnology.net\/ld\/wp-content\/uploads\/2022\/09\/cropped-CSLT_Logo_Google_listing.jpg?fit=512%2C512&ssl=1\",\"width\":512,\"height\":512,\"caption\":\"CSL Technology\"},\"image\":{\"@id\":\"https:\/\/csltechnology.net\/ld\/#\/schema\/logo\/image\/\"}}]}<\/script>\n<!-- \/ Yoast SEO plugin. -->","yoast_head_json":{"title":"M\u00e1y C\u00e0 Th\u1ebb &amp; M\u00e1y POS - CSL Technology","robots":{"index":"index","follow":"follow","max-snippet":"max-snippet:-1","max-image-preview":"max-image-preview:large","max-video-preview":"max-video-preview:-1"},"canonical":"https:\/\/csltechnology.net\/ld\/products\/may-ca-the-may-pos\/","og_locale":"en_US","og_type":"article","og_title":"M\u00e1y C\u00e0 Th\u1ebb &amp; M\u00e1y POS - CSL Technology","og_description":"\u00a0 \u00a0 Cam k\u1ebft ti\u1ec1n l\u1ec7 ph\u00ed c\u00e0 th\u1ebb th\u1ea5p nh\u1ea5t cho c\u00e1c ti\u1ec7m nails c\u1ee7a ng\u01b0\u1eddi Vi\u1ec7t t\u1ea1i M\u1ef9 N\u1ebfu kh\u00f4ng l\u00e0m r\u1ebb h\u01a1n rate hi\u1ec7n t\u1ea1i, ch\u00fang t\u00f4i t\u1eb7ng ngay $1000.00 cho qu\u00fd v\u1ecb &#8211; Mi\u1ec5n Ph\u00ed m\u00e1y c\u00e0 th\u1ebb &#8211; Mi\u1ec5n Ph\u00ed gi\u1ea5y in (thermal paper rolls) &#8211; Kh\u00f4ng h\u1ee3p \u0111\u1ed3ng &#8211; [&hellip;]","og_url":"https:\/\/csltechnology.net\/ld\/products\/may-ca-the-may-pos\/","og_site_name":"CSL Technology","article_modified_time":"2023-01-08T08:17:51+00:00","og_image":[{"url":"https:\/\/csltechnology.net\/ld\/wp-content\/uploads\/2023\/01\/Untitled-design-2-1024x757.png","type":"","width":"","height":""}],"twitter_card":"summary_large_image","twitter_misc":{"Est. reading time":"1 minute"},"schema":{"@context":"https:\/\/schema.org","@graph":[{"@type":"WebPage","@id":"https:\/\/csltechnology.net\/ld\/products\/may-ca-the-may-pos\/","url":"https:\/\/csltechnology.net\/ld\/products\/may-ca-the-may-pos\/","name":"M\u00e1y C\u00e0 Th\u1ebb &amp; M\u00e1y POS - CSL Technology","isPartOf":{"@id":"https:\/\/csltechnology.net\/ld\/#website"},"primaryImageOfPage":{"@id":"https:\/\/csltechnology.net\/ld\/products\/may-ca-the-may-pos\/#primaryimage"},"image":{"@id":"https:\/\/csltechnology.net\/ld\/products\/may-ca-the-may-pos\/#primaryimage"},"thumbnailUrl":"https:\/\/csltechnology.net\/ld\/wp-content\/uploads\/2023\/01\/Untitled-design-2-1024x757.png","datePublished":"2023-01-08T08:05:29+00:00","dateModified":"2023-01-08T08:17:51+00:00","breadcrumb":{"@id":"https:\/\/csltechnology.net\/ld\/products\/may-ca-the-may-pos\/#breadcrumb"},"inLanguage":"en-US","potentialAction":[{"@type":"ReadAction","target":["https:\/\/csltechnology.net\/ld\/products\/may-ca-the-may-pos\/"]}]},{"@type":"ImageObject","inLanguage":"en-US","@id":"https:\/\/csltechnology.net\/ld\/products\/may-ca-the-may-pos\/#primaryimage","url":"https:\/\/i0.wp.com\/csltechnology.net\/ld\/wp-content\/uploads\/2023\/01\/Untitled-design-2.png?fit=1206%2C891&ssl=1","contentUrl":"https:\/\/i0.wp.com\/csltechnology.net\/ld\/wp-content\/uploads\/2023\/01\/Untitled-design-2.png?fit=1206%2C891&ssl=1","width":1206,"height":891},{"@type":"BreadcrumbList","@id":"https:\/\/csltechnology.net\/ld\/products\/may-ca-the-may-pos\/#breadcrumb","itemListElement":[{"@type":"ListItem","position":1,"name":"Home","item":"https:\/\/csltechnology.net\/ld\/"},{"@type":"ListItem","position":2,"name":"Products","item":"https:\/\/csltechnology.net\/ld\/products\/"},{"@type":"ListItem","position":3,"name":"M\u00e1y C\u00e0 Th\u1ebb &amp; M\u00e1y POS"}]},{"@type":"WebSite","@id":"https:\/\/csltechnology.net\/ld\/#website","url":"https:\/\/csltechnology.net\/ld\/","name":"CSL Technology","description":"CSL Technology | POS System Restaurant Salon Solution | Credit Card |Merchant | E-commerce","publisher":{"@id":"https:\/\/csltechnology.net\/ld\/#organization"},"potentialAction":[{"@type":"SearchAction","target":{"@type":"EntryPoint","urlTemplate":"https:\/\/csltechnology.net\/ld\/?s={search_term_string}"},"query-input":{"@type":"PropertyValueSpecification","valueRequired":true,"valueName":"search_term_string"}}],"inLanguage":"en-US"},{"@type":"Organization","@id":"https:\/\/csltechnology.net\/ld\/#organization","name":"CSL Technology","url":"https:\/\/csltechnology.net\/ld\/","logo":{"@type":"ImageObject","inLanguage":"en-US","@id":"https:\/\/csltechnology.net\/ld\/#\/schema\/logo\/image\/","url":"https:\/\/i0.wp.com\/csltechnology.net\/ld\/wp-content\/uploads\/2022\/09\/cropped-CSLT_Logo_Google_listing.jpg?fit=512%2C512&ssl=1","contentUrl":"https:\/\/i0.wp.com\/csltechnology.net\/ld\/wp-content\/uploads\/2022\/09\/cropped-CSLT_Logo_Google_listing.jpg?fit=512%2C512&ssl=1","width":512,"height":512,"caption":"CSL Technology"},"image":{"@id":"https:\/\/csltechnology.net\/ld\/#\/schema\/logo\/image\/"}}]}},"jetpack_sharing_enabled":true,"_links":{"self":[{"href":"https:\/\/csltechnology.net\/ld\/wp-json\/wp\/v2\/pages\/5021","targetHints":{"allow":["GET"]}}],"collection":[{"href":"https:\/\/csltechnology.net\/ld\/wp-json\/wp\/v2\/pages"}],"about":[{"href":"https:\/\/csltechnology.net\/ld\/wp-json\/wp\/v2\/types\/page"}],"author":[{"embeddable":true,"href":"https:\/\/csltechnology.net\/ld\/wp-json\/wp\/v2\/users\/2"}],"replies":[{"embeddable":true,"href":"https:\/\/csltechnology.net\/ld\/wp-json\/wp\/v2\/comments?post=5021"}],"version-history":[{"count":5,"href":"https:\/\/csltechnology.net\/ld\/wp-json\/wp\/v2\/pages\/5021\/revisions"}],"predecessor-version":[{"id":5044,"href":"https:\/\/csltechnology.net\/ld\/wp-json\/wp\/v2\/pages\/5021\/revisions\/5044"}],"up":[{"embeddable":true,"href":"https:\/\/csltechnology.net\/ld\/wp-json\/wp\/v2\/pages\/4593"}],"wp:attachment":[{"href":"https:\/\/csltechnology.net\/ld\/wp-json\/wp\/v2\/media?parent=5021"}],"curies":[{"name":"wp","href":"https:\/\/api.w.org\/{rel}","templated":true}]}}